{"id":108,"date":"2025-04-28T22:35:26","date_gmt":"2025-04-28T22:35:26","guid":{"rendered":"https:\/\/reikieffect.com\/?page_id=108"},"modified":"2025-04-28T22:39:03","modified_gmt":"2025-04-28T22:39:03","slug":"gestion-du-stress-et-de-lanxiete","status":"publish","type":"page","link":"https:\/\/reikieffect.com\/index.php\/gestion-du-stress-et-de-lanxiete\/","title":{"rendered":"Gestion du stress et de l\u2019anxi\u00e9t\u00e9"},"content":{"rendered":"\n<p>S\u00e9ance de <strong>Gestion du stress et de l\u2019anxi\u00e9t\u00e9<\/strong><\/p>\n\n\n\n<figure class=\"wp-block-image aligncenter size-medium is-resized\"><img loading=\"lazy\" decoding=\"async\" width=\"300\" height=\"199\" src=\"https:\/\/reikieffect.com\/wp-content\/uploads\/2025\/04\/5-1-300x199.png\" alt=\"\" class=\"wp-image-117\" style=\"aspect-ratio:3\/2;object-fit:cover;width:529px;height:auto\" srcset=\"https:\/\/reikieffect.com\/wp-content\/uploads\/2025\/04\/5-1-300x199.png 300w, https:\/\/reikieffect.com\/wp-content\/uploads\/2025\/04\/5-1.png 758w\" sizes=\"auto, (max-width: 300px) 100vw, 300px\" \/><\/figure>\n\n\n\n<div class=\"wp-block-buttons is-layout-flex wp-block-buttons-is-layout-flex\">\n<div class=\"wp-block-button\"><a class=\"wp-block-button__link wp-element-button\" href=\"https:\/\/reikieffect.com\/index.php\/rendez-vous\/\">R\u00e9server<\/a><\/div>\n<\/div>\n\n\n\n<p><strong>Dur\u00e9e :<\/strong> 60-90 minutes<\/p>\n\n\n\n<p><strong>Public concern\u00e9 :<\/strong> Adultes, \u00e9tudiants, salari\u00e9s, parents\u2026 toute personne se sentant submerg\u00e9e, tendue ou \u00e9puis\u00e9e.<br><strong>Objectif :<\/strong> Apprendre \u00e0 calmer le mental, sortir du \u00ab mode survie \u00bb, mieux g\u00e9rer les impr\u00e9vus ou pressions.<br><strong>Approche :<\/strong> L\u2019hypnose agit sur les sch\u00e9mas de pens\u00e9e r\u00e9currents, les tensions physiques, et permet d\u2019installer un \u00e9tat de s\u00e9curit\u00e9 int\u00e9rieure.<\/p>\n\n\n\n<hr class=\"wp-block-separator has-alpha-channel-opacity\"\/>\n\n\n\n<h3 class=\"wp-block-heading\">\ud83c\udf1f <strong>Confiance en soi \/ Estime de soi<\/strong><\/h3>\n\n\n\n<p><strong>Public concern\u00e9 :<\/strong> Personnes ayant du mal \u00e0 s&rsquo;affirmer, \u00e0 prendre la parole, \u00e0 faire des choix ou se sentir l\u00e9gitimes.<br><strong>Objectif :<\/strong> Renforcer la valeur personnelle, s\u2019autoriser \u00e0 r\u00e9ussir, sortir du regard des autres.<br><strong>Approche :<\/strong> L\u2019hypnose va chercher les blocages \u00e0 la source (souvent inconscients) et r\u00e9active des ressources oubli\u00e9es.<\/p>\n\n\n\n<p><a href=\"https:\/\/reikieffect.com\/index.php\/rendez-vous\/\" data-type=\"page\" data-id=\"46\">R\u00e9servez <\/a>votre s\u00e9ance d\u00e8s aujourd&rsquo;hui et commencez<\/p>\n","protected":false},"excerpt":{"rendered":"<p>S\u00e9ance de Gestion du stress et de l\u2019anxi\u00e9t\u00e9 Dur\u00e9e : 60-90 minutes Public concern\u00e9 : Adultes, \u00e9tudiants, salari\u00e9s, parents\u2026 toute personne se sentant submerg\u00e9e, tendue ou \u00e9puis\u00e9e.Objectif : Apprendre \u00e0 calmer le mental, sortir du \u00ab mode survie \u00bb, mieux g\u00e9rer les impr\u00e9vus ou pressions.Approche : L\u2019hypnose agit sur les sch\u00e9mas de pens\u00e9e r\u00e9currents, les [&hellip;]<\/p>\n","protected":false},"author":1,"featured_media":0,"parent":0,"menu_order":0,"comment_status":"closed","ping_status":"closed","template":"","meta":{"footnotes":""},"class_list":["post-108","page","type-page","status-publish","hentry"],"_links":{"self":[{"href":"https:\/\/reikieffect.com\/index.php\/wp-json\/wp\/v2\/pages\/108","targetHints":{"allow":["GET"]}}],"collection":[{"href":"https:\/\/reikieffect.com\/index.php\/wp-json\/wp\/v2\/pages"}],"about":[{"href":"https:\/\/reikieffect.com\/index.php\/wp-json\/wp\/v2\/types\/page"}],"author":[{"embeddable":true,"href":"https:\/\/reikieffect.com\/index.php\/wp-json\/wp\/v2\/users\/1"}],"replies":[{"embeddable":true,"href":"https:\/\/reikieffect.com\/index.php\/wp-json\/wp\/v2\/comments?post=108"}],"version-history":[{"count":1,"href":"https:\/\/reikieffect.com\/index.php\/wp-json\/wp\/v2\/pages\/108\/revisions"}],"predecessor-version":[{"id":121,"href":"https:\/\/reikieffect.com\/index.php\/wp-json\/wp\/v2\/pages\/108\/revisions\/121"}],"wp:attachment":[{"href":"https:\/\/reikieffect.com\/index.php\/wp-json\/wp\/v2\/media?parent=108"}],"curies":[{"name":"wp","href":"https:\/\/api.w.org\/{rel}","templated":true}]}}