{"id":124,"date":"2025-04-28T22:41:07","date_gmt":"2025-04-28T22:41:07","guid":{"rendered":"https:\/\/reikieffect.com\/?page_id=124"},"modified":"2025-10-31T01:28:31","modified_gmt":"2025-10-31T01:28:31","slug":"124-2","status":"publish","type":"page","link":"https:\/\/reikieffect.com\/index.php\/124-2\/","title":{"rendered":"Arr\u00eat du Tabac"},"content":{"rendered":"\n<h2 class=\"wp-block-heading\">Arr\u00eat du Tabac<\/h2>\n\n\n\n<p>S\u00e9ances pour Vaincre le Tabac<\/p>\n\n\n\n<figure class=\"wp-block-image aligncenter size-medium is-resized\"><img loading=\"lazy\" decoding=\"async\" width=\"300\" height=\"183\" src=\"https:\/\/reikieffect.com\/wp-content\/uploads\/2025\/04\/16-1-300x183.png\" alt=\"\" class=\"wp-image-127\" style=\"aspect-ratio:3\/2;object-fit:cover;width:529px;height:auto\" srcset=\"https:\/\/reikieffect.com\/wp-content\/uploads\/2025\/04\/16-1-300x183.png 300w, https:\/\/reikieffect.com\/wp-content\/uploads\/2025\/04\/16-1-768x467.png 768w, https:\/\/reikieffect.com\/wp-content\/uploads\/2025\/04\/16-1.png 866w\" sizes=\"auto, (max-width: 300px) 100vw, 300px\" \/><\/figure>\n\n\n\n<div class=\"wp-block-buttons is-layout-flex wp-block-buttons-is-layout-flex\">\n<div class=\"wp-block-button\"><a class=\"wp-block-button__link wp-element-button\" href=\"https:\/\/reikieffect.com\/index.php\/rendez-vous\/\">R\u00e9server<\/a><\/div>\n<\/div>\n\n\n\n<p><strong>Dur\u00e9e :<\/strong> 60-90 minutes<\/p>\n\n\n\n<p><strong>Public concern\u00e9 :<\/strong> Fumeurs motiv\u00e9s \u00e0 se lib\u00e9rer d\u2019une d\u00e9pendance physique et comportementale.<br><strong>Objectif :<\/strong> Se lib\u00e9rer du geste, du besoin automatique, de l\u2019illusion de \u00ab\u00a0plaisir\u00a0\u00bb.<br><strong>Approche :<\/strong> Reprogrammation du rapport \u00e0 la cigarette, ancrage de nouveaux comportements, gestion du manque et des tentations.<\/p>\n\n\n\n<hr class=\"wp-block-separator has-alpha-channel-opacity\"\/>\n\n\n\n<p><a href=\"https:\/\/reikieffect.com\/index.php\/rendez-vous\/\" data-type=\"page\" data-id=\"46\">R\u00e9servez <\/a>votre s\u00e9ance d\u00e8s aujourd&rsquo;hui et commencez<\/p>\n","protected":false},"excerpt":{"rendered":"<p>Arr\u00eat du Tabac S\u00e9ances pour Vaincre le Tabac Dur\u00e9e : 60-90 minutes Public concern\u00e9 : Fumeurs motiv\u00e9s \u00e0 se lib\u00e9rer d\u2019une d\u00e9pendance physique et comportementale.Objectif : Se lib\u00e9rer du geste, du besoin automatique, de l\u2019illusion de \u00ab\u00a0plaisir\u00a0\u00bb.Approche : Reprogrammation du rapport \u00e0 la cigarette, ancrage de nouveaux comportements, gestion du manque et des tentations. R\u00e9servez [&hellip;]<\/p>\n","protected":false},"author":1,"featured_media":0,"parent":0,"menu_order":0,"comment_status":"closed","ping_status":"closed","template":"","meta":{"footnotes":""},"class_list":["post-124","page","type-page","status-publish","hentry"],"_links":{"self":[{"href":"https:\/\/reikieffect.com\/index.php\/wp-json\/wp\/v2\/pages\/124","targetHints":{"allow":["GET"]}}],"collection":[{"href":"https:\/\/reikieffect.com\/index.php\/wp-json\/wp\/v2\/pages"}],"about":[{"href":"https:\/\/reikieffect.com\/index.php\/wp-json\/wp\/v2\/types\/page"}],"author":[{"embeddable":true,"href":"https:\/\/reikieffect.com\/index.php\/wp-json\/wp\/v2\/users\/1"}],"replies":[{"embeddable":true,"href":"https:\/\/reikieffect.com\/index.php\/wp-json\/wp\/v2\/comments?post=124"}],"version-history":[{"count":3,"href":"https:\/\/reikieffect.com\/index.php\/wp-json\/wp\/v2\/pages\/124\/revisions"}],"predecessor-version":[{"id":130,"href":"https:\/\/reikieffect.com\/index.php\/wp-json\/wp\/v2\/pages\/124\/revisions\/130"}],"wp:attachment":[{"href":"https:\/\/reikieffect.com\/index.php\/wp-json\/wp\/v2\/media?parent=124"}],"curies":[{"name":"wp","href":"https:\/\/api.w.org\/{rel}","templated":true}]}}