{"id":131,"date":"2025-04-28T22:58:03","date_gmt":"2025-04-28T22:58:03","guid":{"rendered":"https:\/\/reikieffect.com\/?page_id=131"},"modified":"2025-05-30T16:15:25","modified_gmt":"2025-05-30T16:15:25","slug":"perte-de-poids","status":"publish","type":"page","link":"https:\/\/reikieffect.com\/index.php\/perte-de-poids\/","title":{"rendered":"Perte de poids"},"content":{"rendered":"\n<p>\u2696\ufe0f <strong>Perte de poids &amp; comportement alimentaire<\/strong><\/p>\n\n\n\n<p>Changez votre comportement pour perdre du poids<\/p>\n\n\n\n<figure class=\"wp-block-image size-full is-resized\"><img loading=\"lazy\" decoding=\"async\" width=\"855\" height=\"569\" src=\"https:\/\/reikieffect.com\/wp-content\/uploads\/2025\/04\/17-1.png\" alt=\"\" class=\"wp-image-132\" style=\"width:440px;height:auto\" srcset=\"https:\/\/reikieffect.com\/wp-content\/uploads\/2025\/04\/17-1.png 855w, https:\/\/reikieffect.com\/wp-content\/uploads\/2025\/04\/17-1-300x200.png 300w, https:\/\/reikieffect.com\/wp-content\/uploads\/2025\/04\/17-1-768x511.png 768w\" sizes=\"auto, (max-width: 855px) 100vw, 855px\" \/><\/figure>\n\n\n\n<div class=\"wp-block-buttons is-layout-flex wp-block-buttons-is-layout-flex\">\n<div class=\"wp-block-button\"><a class=\"wp-block-button__link wp-element-button\" href=\"https:\/\/reikieffect.com\/index.php\/rendez-vous\/\">R\u00e9server<\/a><\/div>\n<\/div>\n\n\n\n<p><strong>Dur\u00e9e :<\/strong> 60-90 minutes<\/p>\n\n\n\n<p><strong>Public concern\u00e9 :<\/strong> Personnes en lutte avec leur alimentation \u00e9motionnelle, compulsions, ou yoyo pond\u00e9ral.<br><strong>Objectif :<\/strong> Reprendre le contr\u00f4le sans frustration, \u00e9couter son corps, agir sur les causes profondes.<br><strong>Approche :<\/strong> L\u2019hypnose agit sur les automatismes (grignotage, sucr\u00e9, etc.), la motivation, l\u2019image de soi, et les \u00e9motions li\u00e9es \u00e0 l\u2019alimentation.<\/p>\n\n\n\n<hr class=\"wp-block-separator has-alpha-channel-opacity\"\/>\n\n\n\n<p><a href=\"https:\/\/reikieffect.com\/index.php\/rendez-vous\/\" data-type=\"page\" data-id=\"46\">R\u00e9servez <\/a>votre s\u00e9ance d\u00e8s aujourd&rsquo;hui et commencez<\/p>\n","protected":false},"excerpt":{"rendered":"<p>\u2696\ufe0f Perte de poids &amp; comportement alimentaire Changez votre comportement pour perdre du poids Dur\u00e9e : 60-90 minutes Public concern\u00e9 : Personnes en lutte avec leur alimentation \u00e9motionnelle, compulsions, ou yoyo pond\u00e9ral.Objectif : Reprendre le contr\u00f4le sans frustration, \u00e9couter son corps, agir sur les causes profondes.Approche : L\u2019hypnose agit sur les automatismes (grignotage, sucr\u00e9, etc.), [&hellip;]<\/p>\n","protected":false},"author":1,"featured_media":0,"parent":0,"menu_order":0,"comment_status":"closed","ping_status":"closed","template":"modele1","meta":{"footnotes":""},"class_list":["post-131","page","type-page","status-publish","hentry"],"_links":{"self":[{"href":"https:\/\/reikieffect.com\/index.php\/wp-json\/wp\/v2\/pages\/131","targetHints":{"allow":["GET"]}}],"collection":[{"href":"https:\/\/reikieffect.com\/index.php\/wp-json\/wp\/v2\/pages"}],"about":[{"href":"https:\/\/reikieffect.com\/index.php\/wp-json\/wp\/v2\/types\/page"}],"author":[{"embeddable":true,"href":"https:\/\/reikieffect.com\/index.php\/wp-json\/wp\/v2\/users\/1"}],"replies":[{"embeddable":true,"href":"https:\/\/reikieffect.com\/index.php\/wp-json\/wp\/v2\/comments?post=131"}],"version-history":[{"count":2,"href":"https:\/\/reikieffect.com\/index.php\/wp-json\/wp\/v2\/pages\/131\/revisions"}],"predecessor-version":[{"id":134,"href":"https:\/\/reikieffect.com\/index.php\/wp-json\/wp\/v2\/pages\/131\/revisions\/134"}],"wp:attachment":[{"href":"https:\/\/reikieffect.com\/index.php\/wp-json\/wp\/v2\/media?parent=131"}],"curies":[{"name":"wp","href":"https:\/\/api.w.org\/{rel}","templated":true}]}}