{"id":136,"date":"2025-04-29T07:06:04","date_gmt":"2025-04-29T07:06:04","guid":{"rendered":"https:\/\/reikieffect.com\/?page_id=136"},"modified":"2025-05-30T16:08:40","modified_gmt":"2025-05-30T16:08:40","slug":"lhypnotherapie","status":"publish","type":"page","link":"https:\/\/reikieffect.com\/index.php\/lhypnotherapie\/","title":{"rendered":"l\u2019hypnoth\u00e9rapie"},"content":{"rendered":"\n<h3 class=\"wp-block-heading\">\u2728 Qu\u2019est-ce que l\u2019hypnoth\u00e9rapie ?<\/h3>\n\n\n\n<p>L\u2019hypnoth\u00e9rapie est une m\u00e9thode douce d\u2019accompagnement qui utilise l\u2019\u00e9tat modifi\u00e9 de conscience (\u00e9tat hypnotique) pour aider la personne \u00e0 acc\u00e9der \u00e0 ses ressources int\u00e9rieures. Elle permet de d\u00e9nouer des blocages, de soulager des troubles \u00e9motionnels ou comportementaux, et de favoriser un mieux-\u00eatre durable.<\/p>\n\n\n\n<p><\/p>\n\n\n\n<h3 class=\"wp-block-heading\">\ud83d\udcac \u00c0 propos de moi<\/h3>\n\n\n\n<p>Je suis praticienne dipl\u00f4m\u00e9e en hypnoth\u00e9rapie, sp\u00e9cialis\u00e9e dans l\u2019accompagnement \u00e9motionnel et le d\u00e9veloppement personnel. Mon approche est bienveillante, confidentielle, et centr\u00e9e sur vos besoins sp\u00e9cifiques.<br><strong>Je ne suis pas m\u00e9decin<\/strong>, et mes s\u00e9ances ne remplacent en aucun cas un suivi m\u00e9dical.<\/p>\n","protected":false},"excerpt":{"rendered":"<p>\u2728 Qu\u2019est-ce que l\u2019hypnoth\u00e9rapie ? L\u2019hypnoth\u00e9rapie est une m\u00e9thode douce d\u2019accompagnement qui utilise l\u2019\u00e9tat modifi\u00e9 de conscience (\u00e9tat hypnotique) pour aider la personne \u00e0 acc\u00e9der \u00e0 ses ressources int\u00e9rieures. Elle permet de d\u00e9nouer des blocages, de soulager des troubles \u00e9motionnels ou comportementaux, et de favoriser un mieux-\u00eatre durable. \ud83d\udcac \u00c0 propos de moi Je suis [&hellip;]<\/p>\n","protected":false},"author":1,"featured_media":0,"parent":0,"menu_order":0,"comment_status":"closed","ping_status":"closed","template":"page-no-header-image","meta":{"footnotes":""},"class_list":["post-136","page","type-page","status-publish","hentry"],"_links":{"self":[{"href":"https:\/\/reikieffect.com\/index.php\/wp-json\/wp\/v2\/pages\/136","targetHints":{"allow":["GET"]}}],"collection":[{"href":"https:\/\/reikieffect.com\/index.php\/wp-json\/wp\/v2\/pages"}],"about":[{"href":"https:\/\/reikieffect.com\/index.php\/wp-json\/wp\/v2\/types\/page"}],"author":[{"embeddable":true,"href":"https:\/\/reikieffect.com\/index.php\/wp-json\/wp\/v2\/users\/1"}],"replies":[{"embeddable":true,"href":"https:\/\/reikieffect.com\/index.php\/wp-json\/wp\/v2\/comments?post=136"}],"version-history":[{"count":1,"href":"https:\/\/reikieffect.com\/index.php\/wp-json\/wp\/v2\/pages\/136\/revisions"}],"predecessor-version":[{"id":137,"href":"https:\/\/reikieffect.com\/index.php\/wp-json\/wp\/v2\/pages\/136\/revisions\/137"}],"wp:attachment":[{"href":"https:\/\/reikieffect.com\/index.php\/wp-json\/wp\/v2\/media?parent=136"}],"curies":[{"name":"wp","href":"https:\/\/api.w.org\/{rel}","templated":true}]}}