{"id":68,"date":"2024-07-04T17:44:27","date_gmt":"2024-07-04T17:44:27","guid":{"rendered":"https:\/\/reikieffect.com\/?page_id=68"},"modified":"2024-07-06T15:38:16","modified_gmt":"2024-07-06T15:38:16","slug":"reiki-de-base","status":"publish","type":"page","link":"https:\/\/reikieffect.com\/index.php\/reiki-de-base\/","title":{"rendered":"REIKI de base"},"content":{"rendered":"\n<p><strong>S\u00e9ance de Reiki de Base<\/strong><\/p>\n\n\n\n<figure class=\"wp-block-image aligncenter size-medium is-resized\"><img loading=\"lazy\" decoding=\"async\" width=\"300\" height=\"199\" src=\"https:\/\/reikieffect.com\/wp-content\/uploads\/2024\/06\/15-1-300x199.png\" alt=\"\" class=\"wp-image-41\" style=\"aspect-ratio:3\/2;object-fit:cover;width:529px;height:auto\" srcset=\"https:\/\/reikieffect.com\/wp-content\/uploads\/2024\/06\/15-1-300x199.png 300w, https:\/\/reikieffect.com\/wp-content\/uploads\/2024\/06\/15-1-1024x679.png 1024w, https:\/\/reikieffect.com\/wp-content\/uploads\/2024\/06\/15-1-768x510.png 768w, https:\/\/reikieffect.com\/wp-content\/uploads\/2024\/06\/15-1.png 1073w\" sizes=\"auto, (max-width: 300px) 100vw, 300px\" \/><\/figure>\n\n\n\n<div class=\"wp-block-buttons is-layout-flex wp-block-buttons-is-layout-flex\">\n<div class=\"wp-block-button\"><a class=\"wp-block-button__link wp-element-button\" href=\"https:\/\/reikieffect.com\/index.php\/rendez-vous\/\">R\u00e9server<\/a><\/div>\n<\/div>\n\n\n\n<p><strong>Dur\u00e9e :<\/strong> 60 minutes<\/p>\n\n\n\n<p><strong>Description :<\/strong> Offrez-vous une pause revitalisante avec notre S\u00e9ance de Reiki de Base. Pendant 60 minutes, plongez dans un \u00e9tat de relaxation profonde tandis que notre praticien place ses mains l\u00e9g\u00e8rement au-dessus ou sur diff\u00e9rentes parties de votre corps pour canaliser l&rsquo;\u00e9nergie vitale. Cette s\u00e9ance est parfaite pour les d\u00e9butants en Reiki ou ceux qui cherchent un moment de d\u00e9tente et de renouvellement \u00e9nerg\u00e9tique.<\/p>\n\n\n\n<p><a href=\"https:\/\/reikieffect.com\/index.php\/rendez-vous\/\" data-type=\"page\" data-id=\"46\">R\u00e9servez <\/a>votre s\u00e9ance d\u00e8s aujourd&rsquo;hui et commencez votre voyage vers un bien-\u00eatre holistique.<\/p>\n","protected":false},"excerpt":{"rendered":"<p>S\u00e9ance de Reiki de Base Dur\u00e9e : 60 minutes Description : Offrez-vous une pause revitalisante avec notre S\u00e9ance de Reiki de Base. Pendant 60 minutes, plongez dans un \u00e9tat de relaxation profonde tandis que notre praticien place ses mains l\u00e9g\u00e8rement au-dessus ou sur diff\u00e9rentes parties de votre corps pour canaliser l&rsquo;\u00e9nergie vitale. Cette s\u00e9ance est [&hellip;]<\/p>\n","protected":false},"author":1,"featured_media":0,"parent":0,"menu_order":0,"comment_status":"closed","ping_status":"closed","template":"","meta":{"footnotes":""},"class_list":["post-68","page","type-page","status-publish","hentry"],"_links":{"self":[{"href":"https:\/\/reikieffect.com\/index.php\/wp-json\/wp\/v2\/pages\/68","targetHints":{"allow":["GET"]}}],"collection":[{"href":"https:\/\/reikieffect.com\/index.php\/wp-json\/wp\/v2\/pages"}],"about":[{"href":"https:\/\/reikieffect.com\/index.php\/wp-json\/wp\/v2\/types\/page"}],"author":[{"embeddable":true,"href":"https:\/\/reikieffect.com\/index.php\/wp-json\/wp\/v2\/users\/1"}],"replies":[{"embeddable":true,"href":"https:\/\/reikieffect.com\/index.php\/wp-json\/wp\/v2\/comments?post=68"}],"version-history":[{"count":2,"href":"https:\/\/reikieffect.com\/index.php\/wp-json\/wp\/v2\/pages\/68\/revisions"}],"predecessor-version":[{"id":81,"href":"https:\/\/reikieffect.com\/index.php\/wp-json\/wp\/v2\/pages\/68\/revisions\/81"}],"wp:attachment":[{"href":"https:\/\/reikieffect.com\/index.php\/wp-json\/wp\/v2\/media?parent=68"}],"curies":[{"name":"wp","href":"https:\/\/api.w.org\/{rel}","templated":true}]}}