{"id":76,"date":"2024-07-04T18:04:59","date_gmt":"2024-07-04T18:04:59","guid":{"rendered":"https:\/\/reikieffect.com\/?page_id=76"},"modified":"2024-07-06T15:39:53","modified_gmt":"2024-07-06T15:39:53","slug":"reiki-pre-natale","status":"publish","type":"page","link":"https:\/\/reikieffect.com\/index.php\/reiki-pre-natale\/","title":{"rendered":"Reiki Pr\u00e9-Natale"},"content":{"rendered":"\n<p><strong>S\u00e9ance de Reiki Pr\u00e9-Natale<\/strong><\/p>\n\n\n\n<figure class=\"wp-block-image aligncenter size-large is-resized\"><img loading=\"lazy\" decoding=\"async\" width=\"1024\" height=\"679\" src=\"https:\/\/reikieffect.com\/wp-content\/uploads\/2024\/06\/15-1024x679.png\" alt=\"\" class=\"wp-image-37\" style=\"width:622px;height:auto\" srcset=\"https:\/\/reikieffect.com\/wp-content\/uploads\/2024\/06\/15-1024x679.png 1024w, https:\/\/reikieffect.com\/wp-content\/uploads\/2024\/06\/15-300x199.png 300w, https:\/\/reikieffect.com\/wp-content\/uploads\/2024\/06\/15-768x510.png 768w, https:\/\/reikieffect.com\/wp-content\/uploads\/2024\/06\/15.png 1073w\" sizes=\"auto, (max-width: 1024px) 100vw, 1024px\" \/><\/figure>\n\n\n\n<div class=\"wp-block-buttons is-layout-flex wp-block-buttons-is-layout-flex\">\n<div class=\"wp-block-button\"><a class=\"wp-block-button__link wp-element-button\" href=\"https:\/\/reikieffect.com\/index.php\/rendez-vous\/\">R\u00e9server<\/a><\/div>\n<\/div>\n\n\n\n<p><strong>Dur\u00e9e :<\/strong> 60 minutes<\/p>\n\n\n\n<p><strong>Description :<\/strong> La <strong>S\u00e9ance de Reiki Pr\u00e9-Natale<\/strong> est sp\u00e9cialement con\u00e7ue pour les femmes enceintes, offrant un soutien \u00e9nerg\u00e9tique et \u00e9motionnel pendant cette p\u00e9riode de transformation. Cette s\u00e9ance vise \u00e0 r\u00e9duire le stress, \u00e9quilibrer les \u00e9motions, et favoriser une connexion profonde entre la m\u00e8re et l&rsquo;enfant \u00e0 na\u00eetre.<\/p>\n\n\n\n<p><strong>D\u00e9roulement de la S\u00e9ance :<\/strong><\/p>\n\n\n\n<ul class=\"wp-block-list\">\n<li><strong>Accueil et Discussion :<\/strong> Nous commencerons par une br\u00e8ve consultation pour comprendre vos besoins sp\u00e9cifiques et fixer une intention pour la s\u00e9ance.<\/li>\n\n\n\n<li><strong>S\u00e9ance de Reiki :<\/strong> En position allong\u00e9e ou semi-allong\u00e9e, le praticien canalise l&rsquo;\u00e9nergie Reiki vers vous, en se concentrant sur les zones du corps qui en ont le plus besoin. Le Reiki aide \u00e0 \u00e9quilibrer les \u00e9nergies, \u00e0 r\u00e9duire le stress et \u00e0 favoriser le bien-\u00eatre g\u00e9n\u00e9ral.<\/li>\n\n\n\n<li><strong>Retour en Douceur :<\/strong> Apr\u00e8s la s\u00e9ance, vous aurez un moment pour revenir en douceur \u00e0 l&rsquo;\u00e9tat d&rsquo;\u00e9veil et discuter de vos ressentis avec le praticien.<\/li>\n<\/ul>\n\n\n\n<p><strong>Bienfaits de la S\u00e9ance de Reiki Pr\u00e9-Natale :<\/strong><\/p>\n\n\n\n<ul class=\"wp-block-list\">\n<li><strong>R\u00e9duction du Stress et de l&rsquo;Anxi\u00e9t\u00e9 :<\/strong> Aide \u00e0 cr\u00e9er un \u00e9tat de calme et de relaxation, b\u00e9n\u00e9fique pour la m\u00e8re et l&rsquo;enfant.<\/li>\n\n\n\n<li><strong>\u00c9quilibre \u00c9motionnel :<\/strong> Soutient l&rsquo;\u00e9quilibre \u00e9motionnel pendant les changements hormonaux.<\/li>\n\n\n\n<li><strong>Connexion avec le B\u00e9b\u00e9 :<\/strong> Favorise une connexion spirituelle et \u00e9nerg\u00e9tique avec l&rsquo;enfant \u00e0 na\u00eetre.<\/li>\n\n\n\n<li><strong>Soulagement des Inconforts Physiques :<\/strong> Peut aider \u00e0 soulager les douleurs et inconforts courants pendant la grossesse.<\/li>\n<\/ul>\n\n\n\n<p>Apr\u00e8s la s\u00e9ance, il est recommand\u00e9 de boire beaucoup d&rsquo;eau et de vous reposer pour maximiser les bienfaits du Reiki.<\/p>\n\n\n\n<p><a href=\"https:\/\/reikieffect.com\/index.php\/rendez-vous\/\" data-type=\"page\" data-id=\"46\">R\u00e9servez <\/a>votre <strong>S\u00e9ance de Reiki Pr\u00e9-Natale<\/strong> d\u00e8s aujourd&rsquo;hui et offrez-vous ce moment de d\u00e9tente et de connexion pr\u00e9cieuse pendant votre grossesse.<\/p>\n","protected":false},"excerpt":{"rendered":"<p>S\u00e9ance de Reiki Pr\u00e9-Natale Dur\u00e9e : 60 minutes Description : La S\u00e9ance de Reiki Pr\u00e9-Natale est sp\u00e9cialement con\u00e7ue pour les femmes enceintes, offrant un soutien \u00e9nerg\u00e9tique et \u00e9motionnel pendant cette p\u00e9riode de transformation. Cette s\u00e9ance vise \u00e0 r\u00e9duire le stress, \u00e9quilibrer les \u00e9motions, et favoriser une connexion profonde entre la m\u00e8re et l&rsquo;enfant \u00e0 na\u00eetre. [&hellip;]<\/p>\n","protected":false},"author":1,"featured_media":0,"parent":0,"menu_order":0,"comment_status":"closed","ping_status":"closed","template":"","meta":{"footnotes":""},"class_list":["post-76","page","type-page","status-publish","hentry"],"_links":{"self":[{"href":"https:\/\/reikieffect.com\/index.php\/wp-json\/wp\/v2\/pages\/76","targetHints":{"allow":["GET"]}}],"collection":[{"href":"https:\/\/reikieffect.com\/index.php\/wp-json\/wp\/v2\/pages"}],"about":[{"href":"https:\/\/reikieffect.com\/index.php\/wp-json\/wp\/v2\/types\/page"}],"author":[{"embeddable":true,"href":"https:\/\/reikieffect.com\/index.php\/wp-json\/wp\/v2\/users\/1"}],"replies":[{"embeddable":true,"href":"https:\/\/reikieffect.com\/index.php\/wp-json\/wp\/v2\/comments?post=76"}],"version-history":[{"count":2,"href":"https:\/\/reikieffect.com\/index.php\/wp-json\/wp\/v2\/pages\/76\/revisions"}],"predecessor-version":[{"id":84,"href":"https:\/\/reikieffect.com\/index.php\/wp-json\/wp\/v2\/pages\/76\/revisions\/84"}],"wp:attachment":[{"href":"https:\/\/reikieffect.com\/index.php\/wp-json\/wp\/v2\/media?parent=76"}],"curies":[{"name":"wp","href":"https:\/\/api.w.org\/{rel}","templated":true}]}}