{"id":89,"date":"2024-07-06T20:13:02","date_gmt":"2024-07-06T20:13:02","guid":{"rendered":"https:\/\/reikieffect.com\/?page_id=89"},"modified":"2025-10-27T21:54:48","modified_gmt":"2025-10-27T21:54:48","slug":"lhypnose","status":"publish","type":"page","link":"https:\/\/reikieffect.com\/index.php\/lhypnose\/","title":{"rendered":"l&rsquo;Hypnose"},"content":{"rendered":"\n<h3 class=\"wp-block-heading\">\u2728 Qu\u2019est-ce que l\u2019hypnoth\u00e9rapie ?<\/h3>\n\n\n\n<p>L\u2019hypnoth\u00e9rapie est une m\u00e9thode douce d\u2019accompagnement qui utilise l\u2019\u00e9tat modifi\u00e9 de conscience (\u00e9tat hypnotique) pour aider la personne \u00e0 acc\u00e9der \u00e0 ses ressources int\u00e9rieures. Elle permet de d\u00e9nouer des blocages, de soulager des troubles \u00e9motionnels ou comportementaux, et de favoriser un mieux-\u00eatre durable.<\/p>\n","protected":false},"excerpt":{"rendered":"<p>\u2728 Qu\u2019est-ce que l\u2019hypnoth\u00e9rapie ? L\u2019hypnoth\u00e9rapie est une m\u00e9thode douce d\u2019accompagnement qui utilise l\u2019\u00e9tat modifi\u00e9 de conscience (\u00e9tat hypnotique) pour aider la personne \u00e0 acc\u00e9der \u00e0 ses ressources int\u00e9rieures. Elle permet de d\u00e9nouer des blocages, de soulager des troubles \u00e9motionnels ou comportementaux, et de favoriser un mieux-\u00eatre durable.<\/p>\n","protected":false},"author":1,"featured_media":0,"parent":0,"menu_order":0,"comment_status":"closed","ping_status":"closed","template":"","meta":{"footnotes":""},"class_list":["post-89","page","type-page","status-publish","hentry"],"_links":{"self":[{"href":"https:\/\/reikieffect.com\/index.php\/wp-json\/wp\/v2\/pages\/89","targetHints":{"allow":["GET"]}}],"collection":[{"href":"https:\/\/reikieffect.com\/index.php\/wp-json\/wp\/v2\/pages"}],"about":[{"href":"https:\/\/reikieffect.com\/index.php\/wp-json\/wp\/v2\/types\/page"}],"author":[{"embeddable":true,"href":"https:\/\/reikieffect.com\/index.php\/wp-json\/wp\/v2\/users\/1"}],"replies":[{"embeddable":true,"href":"https:\/\/reikieffect.com\/index.php\/wp-json\/wp\/v2\/comments?post=89"}],"version-history":[{"count":2,"href":"https:\/\/reikieffect.com\/index.php\/wp-json\/wp\/v2\/pages\/89\/revisions"}],"predecessor-version":[{"id":138,"href":"https:\/\/reikieffect.com\/index.php\/wp-json\/wp\/v2\/pages\/89\/revisions\/138"}],"wp:attachment":[{"href":"https:\/\/reikieffect.com\/index.php\/wp-json\/wp\/v2\/media?parent=89"}],"curies":[{"name":"wp","href":"https:\/\/api.w.org\/{rel}","templated":true}]}}